{"id":1183,"date":"2022-09-14T10:25:57","date_gmt":"2022-09-14T10:25:57","guid":{"rendered":"https:\/\/blacklioncard.com\/?page_id=1183"},"modified":"2022-09-15T07:38:11","modified_gmt":"2022-09-15T07:38:11","slug":"terms-conditions","status":"publish","type":"page","link":"https:\/\/blacklioncard.com\/es\/terms-conditions\/","title":{"rendered":"Terms &#038; Conditions"},"content":{"rendered":"<div data-elementor-type=\"wp-page\" data-elementor-id=\"1183\" class=\"elementor elementor-1183\" data-elementor-post-type=\"page\">\n\t\t\t\t\t\t<section class=\"elementor-section elementor-top-section elementor-element elementor-element-32009fe elementor-section-boxed elementor-section-height-default elementor-section-height-default\" data-id=\"32009fe\" data-element_type=\"section\" data-e-type=\"section\" data-settings=\"{&quot;background_background&quot;:&quot;classic&quot;}\">\n\t\t\t\t\t\t\t<div class=\"elementor-background-overlay\"><\/div>\n\t\t\t\t\t\t\t<div class=\"elementor-container elementor-column-gap-default\">\n\t\t\t\t\t<div class=\"elementor-column elementor-col-100 elementor-top-column elementor-element elementor-element-3580b7c\" data-id=\"3580b7c\" data-element_type=\"column\" data-e-type=\"column\">\n\t\t\t<div class=\"elementor-widget-wrap elementor-element-populated\">\n\t\t\t\t\t\t<section class=\"elementor-section elementor-inner-section elementor-element elementor-element-5f54c43 elementor-section-boxed elementor-section-height-default elementor-section-height-default\" data-id=\"5f54c43\" data-element_type=\"section\" data-e-type=\"section\">\n\t\t\t\t\t\t<div class=\"elementor-container elementor-column-gap-default\">\n\t\t\t\t\t<div class=\"elementor-column elementor-col-100 elementor-inner-column elementor-element elementor-element-b453af3\" data-id=\"b453af3\" data-element_type=\"column\" data-e-type=\"column\">\n\t\t\t<div class=\"elementor-widget-wrap elementor-element-populated\">\n\t\t\t\t\t\t<div class=\"elementor-element elementor-element-2622484 elementor-widget elementor-widget-heading\" data-id=\"2622484\" data-element_type=\"widget\" data-e-type=\"widget\" data-widget_type=\"heading.default\">\n\t\t\t\t<div class=\"elementor-widget-container\">\n\t\t\t\t\t<h2 class=\"elementor-heading-title elementor-size-default\">T\u00e9rminos &amp; condiciones<\/h2>\t\t\t\t<\/div>\n\t\t\t\t<\/div>\n\t\t\t\t\t<\/div>\n\t\t<\/div>\n\t\t\t\t\t<\/div>\n\t\t<\/section>\n\t\t\t\t\t<\/div>\n\t\t<\/div>\n\t\t\t\t\t<\/div>\n\t\t<\/section>\n\t\t\t\t<section class=\"elementor-section elementor-top-section elementor-element elementor-element-f2b3db2 elementor-section-boxed elementor-section-height-default elementor-section-height-default\" data-id=\"f2b3db2\" data-element_type=\"section\" data-e-type=\"section\">\n\t\t\t\t\t\t<div class=\"elementor-container elementor-column-gap-default\">\n\t\t\t\t\t<div class=\"elementor-column elementor-col-100 elementor-top-column elementor-element elementor-element-df4e09a\" data-id=\"df4e09a\" data-element_type=\"column\" data-e-type=\"column\">\n\t\t\t<div class=\"elementor-widget-wrap elementor-element-populated\">\n\t\t\t\t\t\t<div class=\"elementor-element elementor-element-56c8b08 elementor-widget elementor-widget-text-editor\" data-id=\"56c8b08\" data-element_type=\"widget\" data-e-type=\"widget\" data-widget_type=\"text-editor.default\">\n\t\t\t\t<div class=\"elementor-widget-container\">\n\t\t\t\t\t\t\t\t\t<h1>T\u00e9rminos y condiciones de Black Lion Financial<\/h1><h2>Introducci\u00f3n<\/h2><p>Estos T\u00e9rminos y Condiciones Est\u00e1ndar del Sitio Web escritos en esta p\u00e1gina web regir\u00e1n su uso de nuestro sitio web, blacklioncard.com accesible en https:\/\/blacklioncard.com\/.<\/p><p>Estos T\u00e9rminos se aplicar\u00e1n en su totalidad y afectar\u00e1n su uso de este sitio web. Al utilizar este sitio web, usted acepta todos los t\u00e9rminos y condiciones aqu\u00ed escritos. No debe utilizar este sitio web si no est\u00e1 de acuerdo con alguno de estos T\u00e9rminos y condiciones est\u00e1ndar del sitio web. Estos T\u00e9rminos y condiciones se han generado con la ayuda de\u00a0<a href=\"https:\/\/www.termsandcondiitionssample.com\/\" rel=\"noopener\" target=\"_blank\">Terms And Conditiions Sample Generator<\/a>.<\/p><p>No se permite el uso de este sitio web a menores de 18 a\u00f1os.<\/p><h2>Derechos de propiedad intelectual<\/h2><p>Aparte del contenido que usted posee, seg\u00fan estos T\u00e9rminos, Black Lion y\/o sus licenciantes poseen todos los derechos de propiedad intelectual y los materiales contenidos en este sitio web.<\/p><p>Se le concede una licencia limitada \u00fanicamente para ver el material contenido en este sitio web.<\/p><h2>Restricciones<\/h2><p>Tienes espec\u00edficamente restringido todo lo siguiente:<\/p><ul><li>publicar cualquier material del Sitio Web en cualquier otro medio;<\/li><li>vender, sublicenciar y\/o comercializar de otro modo cualquier material del Sitio Web;<\/li><li>ejecutar y\/o mostrar p\u00fablicamente cualquier material del Sitio Web;<\/li><li>utilizar este sitio web de cualquier forma que sea o pueda ser perjudicial para este sitio web;<\/li><li>utilizar este sitio web de cualquier manera que afecte el acceso del usuario a este sitio web;<\/li><li>utilizar este sitio web de manera contraria a las leyes y regulaciones aplicables, o que de cualquier manera pueda causar da\u00f1o al sitio web o a cualquier persona o entidad comercial;<\/li><li>participar en cualquier miner\u00eda de datos, recolecci\u00f3n de datos, extracci\u00f3n de datos o cualquier otra actividad similar en relaci\u00f3n con este sitio web;<\/li><li>utilizar este sitio web para realizar cualquier tipo de publicidad o marketing.<\/li><\/ul><p>Ciertas \u00e1reas de este sitio web tienen acceso restringido y Black Lion puede restringir a\u00fan m\u00e1s el acceso a cualquier \u00e1rea de este sitio web, en cualquier momento y a su absoluta discreci\u00f3n. Cualquier ID de usuario y contrase\u00f1a que pueda tener para este sitio web son confidenciales y usted tambi\u00e9n debe mantener la confidencialidad.<\/p><h2>Su contenido<\/h2><p>En estos T\u00e9rminos y condiciones est\u00e1ndar del sitio web, \u201cSu contenido\u201d significar\u00e1 cualquier audio, video, texto, imagen u otro material que usted elija mostrar en este sitio web. Al mostrar Su contenido, usted otorga a Black Lion una licencia no exclusiva, mundial, irrevocable y sublicenciable para usarlo, reproducirlo, adaptarlo, publicarlo, traducirlo y distribuirlo en todos los medios.<\/p><p>Su contenido debe ser suyo y no debe invadir los derechos de terceros. Black Lion se reserva el derecho de eliminar cualquier parte de su contenido de este sitio web en cualquier momento y sin previo aviso.<\/p><h2>Su privacidad<\/h2><p>Por favor lea la Pol\u00edtica de Privacidad.<\/p><h2>Sin garant\u00edas<\/h2><p>Este sitio web se ofrece \u201ctal como est\u00e1\u201d, con todos los defectos, y Black Lion no expresa declaraciones ni garant\u00edas de ning\u00fan tipo relacionadas con este sitio web o los materiales que contiene. Asimismo, nada de lo contenido en este sitio web se interpretar\u00e1 como un consejo para usted.<\/p><h2>Limitaci\u00f3n de responsabilidad<\/h2><p>En ning\u00fan caso, Black Lion, ni ninguno de sus funcionarios, directores y empleados, ser\u00e1n responsables de nada que surja de o est\u00e9 de alguna manera relacionado con su uso de este sitio web, ya sea que dicha responsabilidad sea contractual. Black Lion, incluidos sus funcionarios, directores y empleados, no ser\u00e1n responsables de ninguna responsabilidad indirecta, consecuente o especial que surja de o est\u00e9 de alguna manera relacionada con su uso de este sitio web.<\/p><h2>Indemnizaci\u00f3n<\/h2><p>Por la presente, usted indemnizar\u00e1 en la m\u00e1xima medida a Black Lion por cualquier y\/o todas las responsabilidades, costos, demandas, causas de acci\u00f3n, da\u00f1os y gastos que surjan de cualquier manera relacionados con su incumplimiento de cualquiera de las disposiciones de estos T\u00e9rminos.<\/p><h2>Divisibilidad<\/h2><p>Si alguna disposici\u00f3n de estos T\u00e9rminos se considera inv\u00e1lida seg\u00fan cualquier ley aplicable, dicha disposici\u00f3n se eliminar\u00e1 sin afectar las disposiciones restantes del presente documento.<\/p><h2>Variaci\u00f3n de t\u00e9rminos<\/h2><p>Black Lion puede revisar estos T\u00e9rminos en cualquier momento seg\u00fan lo considere oportuno y, al utilizar este sitio web, se espera que revise estos T\u00e9rminos peri\u00f3dicamente.<\/p><h2>Asignaci\u00f3n<\/h2><p>Black Lion tiene derecho a ceder, transferir y subcontratar sus derechos y\/u obligaciones en virtud de estos T\u00e9rminos sin notificaci\u00f3n alguna. Sin embargo, usted no tiene derecho a ceder, transferir ni subcontratar ninguno de sus derechos y\/u obligaciones en virtud de estos T\u00e9rminos.<\/p><h2>Acuerdo completo<\/h2><p>Estos T\u00e9rminos constituyen el acuerdo completo entre Black Lion y usted en relaci\u00f3n con su uso de este sitio web y reemplazan todos los acuerdos y entendimientos anteriores.<\/p><h2>Ley aplicable y jurisdicci\u00f3n<\/h2><p>Estos T\u00e9rminos se regir\u00e1n e interpretar\u00e1n de conformidad con las leyes del Estado de EE. UU., y usted se somete a la jurisdicci\u00f3n no exclusiva de los tribunales estatales y federales ubicados en EE. UU. para la resoluci\u00f3n de cualquier disputa.<\/p>\t\t\t\t\t\t\t\t<\/div>\n\t\t\t\t<\/div>\n\t\t\t\t\t<\/div>\n\t\t<\/div>\n\t\t\t\t\t<\/div>\n\t\t<\/section>\n\t\t\t\t<\/div>","protected":false},"excerpt":{"rendered":"<p>Terms &#038; Conditions Terms and Conditions for Black Lion Financial Introduction These Website Standard Terms and Conditions written on this webpage shall manage your use of our website, blacklioncard.com accessible at https:\/\/blacklioncard.com\/. These Terms will be applied fully and affect to your use of this Website. By using this Website, you agreed to accept all [&hellip;]<\/p>","protected":false},"author":1,"featured_media":0,"parent":0,"menu_order":0,"comment_status":"closed","ping_status":"closed","template":"","meta":{"site-sidebar-layout":"no-sidebar","site-content-layout":"page-builder","ast-site-content-layout":"","site-content-style":"default","site-sidebar-style":"default","ast-global-header-display":"","ast-banner-title-visibility":"","ast-main-header-display":"","ast-hfb-above-header-display":"","ast-hfb-below-header-display":"","ast-hfb-mobile-header-display":"","site-post-title":"disabled","ast-breadcrumbs-content":"","ast-featured-img":"disabled","footer-sml-layout":"","theme-transparent-header-meta":"","adv-header-id-meta":"","stick-header-meta":"","header-above-stick-meta":"","header-main-stick-meta":"","header-below-stick-meta":"","astra-migrate-meta-layouts":"default","ast-page-background-enabled":"default","ast-page-background-meta":{"desktop":{"background-color":"var(--ast-global-color-4)","background-image":"","background-repeat":"repeat","background-position":"center center","background-size":"auto","background-attachment":"scroll","background-type":"","background-media":"","overlay-type":"","overlay-color":"","overlay-opacity":"","overlay-gradient":""},"tablet":{"background-color":"","background-image":"","background-repeat":"repeat","background-position":"center center","background-size":"auto","background-attachment":"scroll","background-type":"","background-media":"","overlay-type":"","overlay-color":"","overlay-opacity":"","overlay-gradient":""},"mobile":{"background-color":"","background-image":"","background-repeat":"repeat","background-position":"center center","background-size":"auto","background-attachment":"scroll","background-type":"","background-media":"","overlay-type":"","overlay-color":"","overlay-opacity":"","overlay-gradient":""}},"ast-content-background-meta":{"desktop":{"background-color":"var(--ast-global-color-5)","background-image":"","background-repeat":"repeat","background-position":"center center","background-size":"auto","background-attachment":"scroll","background-type":"","background-media":"","overlay-type":"","overlay-color":"","overlay-opacity":"","overlay-gradient":""},"tablet":{"background-color":"var(--ast-global-color-5)","background-image":"","background-repeat":"repeat","background-position":"center center","background-size":"auto","background-attachment":"scroll","background-type":"","background-media":"","overlay-type":"","overlay-color":"","overlay-opacity":"","overlay-gradient":""},"mobile":{"background-color":"var(--ast-global-color-5)","background-image":"","background-repeat":"repeat","background-position":"center center","background-size":"auto","background-attachment":"scroll","background-type":"","background-media":"","overlay-type":"","overlay-color":"","overlay-opacity":"","overlay-gradient":""}},"footnotes":""},"class_list":["post-1183","page","type-page","status-publish","hentry"],"_links":{"self":[{"href":"https:\/\/blacklioncard.com\/es\/wp-json\/wp\/v2\/pages\/1183","targetHints":{"allow":["GET"]}}],"collection":[{"href":"https:\/\/blacklioncard.com\/es\/wp-json\/wp\/v2\/pages"}],"about":[{"href":"https:\/\/blacklioncard.com\/es\/wp-json\/wp\/v2\/types\/page"}],"author":[{"embeddable":true,"href":"https:\/\/blacklioncard.com\/es\/wp-json\/wp\/v2\/users\/1"}],"replies":[{"embeddable":true,"href":"https:\/\/blacklioncard.com\/es\/wp-json\/wp\/v2\/comments?post=1183"}],"version-history":[{"count":5,"href":"https:\/\/blacklioncard.com\/es\/wp-json\/wp\/v2\/pages\/1183\/revisions"}],"predecessor-version":[{"id":1357,"href":"https:\/\/blacklioncard.com\/es\/wp-json\/wp\/v2\/pages\/1183\/revisions\/1357"}],"wp:attachment":[{"href":"https:\/\/blacklioncard.com\/es\/wp-json\/wp\/v2\/media?parent=1183"}],"curies":[{"name":"wp","href":"https:\/\/api.w.org\/{rel}","templated":true}]}}